{"id":211,"date":"2021-09-23T12:56:30","date_gmt":"2021-09-23T10:56:30","guid":{"rendered":"https:\/\/barentsmagazine.com\/resurser\/?page_id=211"},"modified":"2021-10-01T13:44:31","modified_gmt":"2021-10-01T11:44:31","slug":"avlyst","status":"publish","type":"page","link":"https:\/\/barentsmagazine.com\/resurser\/avlyst\/","title":{"rendered":"Avlyst"},"content":{"rendered":"\n<h5 class=\"has-text-align-center wp-block-heading\">Bodens s\u00f6dra skjutf\u00e4lt<\/h5>\n\n\n\n<div class=\"wp-block-group alignfull is-layout-flow\"><div class=\"wp-block-group__inner-container\">\n<figure class=\"wp-block-image size-large\"><img decoding=\"async\" loading=\"lazy\" width=\"1024\" height=\"608\" src=\"https:\/\/barentsmagazine.com\/resurser\/wp-content\/uploads\/sites\/2\/2021\/10\/bodens_so\u0308dra_-skjutfa\u0308lt-kopiera_highres-1024x608.jpg\" alt=\"\" class=\"wp-image-326\" srcset=\"https:\/\/barentsmagazine.com\/resurser\/wp-content\/uploads\/sites\/2\/2021\/10\/bodens_so\u0308dra_-skjutfa\u0308lt-kopiera_highres-1024x608.jpg 1024w, https:\/\/barentsmagazine.com\/resurser\/wp-content\/uploads\/sites\/2\/2021\/10\/bodens_so\u0308dra_-skjutfa\u0308lt-kopiera_highres-300x178.jpg 300w, https:\/\/barentsmagazine.com\/resurser\/wp-content\/uploads\/sites\/2\/2021\/10\/bodens_so\u0308dra_-skjutfa\u0308lt-kopiera_highres-768x456.jpg 768w, https:\/\/barentsmagazine.com\/resurser\/wp-content\/uploads\/sites\/2\/2021\/10\/bodens_so\u0308dra_-skjutfa\u0308lt-kopiera_highres-1536x912.jpg 1536w, https:\/\/barentsmagazine.com\/resurser\/wp-content\/uploads\/sites\/2\/2021\/10\/bodens_so\u0308dra_-skjutfa\u0308lt-kopiera_highres-2048x1215.jpg 2048w, https:\/\/barentsmagazine.com\/resurser\/wp-content\/uploads\/sites\/2\/2021\/10\/bodens_so\u0308dra_-skjutfa\u0308lt-kopiera_highres-1568x931.jpg 1568w\" sizes=\"(max-width: 1024px) 100vw, 1024px\" \/><figcaption>Hans Granqvists verk: Bodens s\u00f6dra skjutf\u00e4lt<\/figcaption><\/figure>\n<\/div><\/div>\n\n\n\n<p><em>Hans Granqvist, fotograf, Lule\u00e5<\/em><br>Hans har under l\u00e5ng tid skildrat de kulturlandskap som finns i norra&nbsp;Sverige i ett projekt med arbetsnamnet \u201dNutida landskap\u201d. Han intresserar sig f\u00f6r basindustrins p\u00e5verkan p\u00e5 landskapet&nbsp;och vad som l\u00e4mnas kvar n\u00e4r skog, el och malm utvinns. Skjutf\u00e4ltet i<br>Boden blir en del av projektet d\u00e5 det historiskt sett uppkommit f\u00f6r&nbsp;att f\u00f6rsvara just basindustrin.\u201d<\/p>\n\n\n\n<hr class=\"wp-block-separator\"\/>\n\n\n\n<p><em>Text och bild: Simon Eliasson, fotograf bosatt i Lule\u00e5<\/em><\/p>\n\n\n\n<hr class=\"wp-block-separator\"\/>\n\n\n\n<figure class=\"wp-block-video\"><video autoplay controls preload=\"auto\" src=\"https:\/\/barentsmagazine.com\/resurser\/wp-content\/uploads\/sites\/2\/2021\/09\/bp-hans-HD-1080p2-1.mov\" playsinline><\/video><\/figure>\n\n\n\n<p>Fan ocks\u00e5, det \u00e4r just d\u00e4r jag brukar plocka!<\/p>\n\n\n\n<p>Infarten till Boden s\u00f6dra skjutf\u00e4lt, n\u00e5gon kilometer utanf\u00f6r centrala Boden, en tidig tisdagsmorgon vid tiden f\u00f6r n\u00e4r semestern b\u00f6rjar vara ett avl\u00e4gset minne.<\/p>\n\n\n\n<p>Klar luft och kall vind, det enda som h\u00f6rs \u00e4r korpen. Och de m\u00e5nga milit\u00e4rfordon som b\u00f6rjar rulla in. Arbetsdagen har b\u00f6rjat \u00e4ven f\u00f6r F\u00f6rsvarsmaktens anst\u00e4llda. En \u00e4ldre man stannar bilen vid skylten som upplyser om n\u00e4r, var och hur F\u00f6rsvarsmakten planerar att skjuta, k\u00f6ra, \u00f6va.<\/p>\n\n\n\n<p>\u201dNi vet v\u00e4l att det h\u00e4r \u00e4r fantastiska marker f\u00f6r Karl Johan!\u201d<\/p>\n\n\n\n<p>Inte bara f\u00f6r Carl Gustaf allts\u00e5, den v\u00e4rldsk\u00e4nda svenska vapenexportsucc\u00e9n.<\/p>\n\n\n\n<p>Tydligen \u00e4r det m\u00e5nga som plockar svamp i omr\u00e5det. Just n\u00e4r mannen l\u00e4mnat \u2013 \u201d\u00c4h, jag testar \u00e5ka in \u00e4nd\u00e5\u201d \u2013 s\u00e5 cyklar en thail\u00e4ndsk kvinna f\u00f6rbi. St\u00f6vlar p\u00e5 f\u00f6tterna och korg p\u00e5 cykeln. Hon \u00e4r ocks\u00e5 p\u00e5 v\u00e4g in f\u00f6r att leta svamp. Stora delar av omr\u00e5det \u00e4r avst\u00e4ngda f\u00f6r dagens skjut\u00f6vningar.<\/p>\n\n\n\n<p>Som f\u00f6dd och uppvuxen i Boden \u00e4r skjutf\u00e4lten knappast n\u00e5got man reflekterar \u00f6ver. De bara \u00e4r d\u00e4r. Stora, vidstr\u00e4ckta omr\u00e5den med f\u00f6rbudsskyltar var 25:e meter. Som av en h\u00e4ndelse ligger barndomens mest popul\u00e4ra badsj\u00f6 just h\u00e4r p\u00e5 \u201dBoden s\u00f6dra\u201d. Aldersj\u00f6n drar fortfarande hundratals en vacker sommardag.<\/p>\n\n\n\n<p>I de h\u00e4r omr\u00e5dena har folk lekt, utforskat, plockat svamp, b\u00e4r, k\u00f6rt motorcross \u2013 med kanonernas muller i bakgrunden. Tidvis v\u00e4cks en lokal debatt till liv. Milit\u00e4ren g\u00e5r ut och \u00e4r oroad f\u00f6r att folk inte respekterar deras verksamhet. Folk kan komma till skada! Det \u00e4r livsfarligt!<\/p>\n\n\n\n<p>Visst \u00e4r det s\u00e5. Naturligtvis. F\u00f6rut visste alla om detta och h\u00f6ll sig borta n\u00e4r det var farligt p\u00e5 riktigt. Nu mullrar kanonerna mer s\u00e4llan, och k\u00e4nnedomen b\u00f6rjar f\u00f6rsvinna. Det som i barndomen bara var skog (som man ofta inte fick bes\u00f6ka) precis som \u00e4lven bara var vatten (som var str\u00f6mt och farligt p\u00e5 grund av kraftverken)\u2026 Har i vuxen \u00e5lder blivit n\u00e5got annat.<\/p>\n\n\n\n<p>Ett tydligt tecken p\u00e5 hur kringskuren man \u00e4r. Det \u00e4r stort. \u00d6ppet. Majest\u00e4tiskt. Och f\u00f6rst\u00f6rt.<\/p>\n\n\n\n<hr class=\"wp-block-separator\"\/>\n\n\n\n<div class=\"wp-block-image is-style-twentytwentyone-border\"><figure class=\"aligncenter size-large\"><img decoding=\"async\" loading=\"lazy\" width=\"1024\" height=\"681\" src=\"https:\/\/barentsmagazine.com\/resurser\/wp-content\/uploads\/sites\/2\/2021\/09\/hans-granqvist01-1024x681.jpg\" alt=\"\" class=\"wp-image-216\" srcset=\"https:\/\/barentsmagazine.com\/resurser\/wp-content\/uploads\/sites\/2\/2021\/09\/hans-granqvist01-1024x681.jpg 1024w, https:\/\/barentsmagazine.com\/resurser\/wp-content\/uploads\/sites\/2\/2021\/09\/hans-granqvist01-300x200.jpg 300w, https:\/\/barentsmagazine.com\/resurser\/wp-content\/uploads\/sites\/2\/2021\/09\/hans-granqvist01-768x511.jpg 768w, https:\/\/barentsmagazine.com\/resurser\/wp-content\/uploads\/sites\/2\/2021\/09\/hans-granqvist01-1536x1022.jpg 1536w, https:\/\/barentsmagazine.com\/resurser\/wp-content\/uploads\/sites\/2\/2021\/09\/hans-granqvist01-2048x1362.jpg 2048w, https:\/\/barentsmagazine.com\/resurser\/wp-content\/uploads\/sites\/2\/2021\/09\/hans-granqvist01-1568x1043.jpg 1568w\" sizes=\"(max-width: 1024px) 100vw, 1024px\" \/><figcaption>Hans Granqvist<\/figcaption><\/figure><\/div>\n","protected":false},"excerpt":{"rendered":"<p>Bodens s\u00f6dra skjutf\u00e4lt Hans Granqvist, fotograf, Lule\u00e5Hans har under l\u00e5ng tid skildrat de kulturlandskap som finns i norra&nbsp;Sverige i ett projekt med arbetsnamnet \u201dNutida landskap\u201d. Han intresserar sig f\u00f6r basindustrins p\u00e5verkan p\u00e5 landskapet&nbsp;och vad som l\u00e4mnas kvar n\u00e4r skog, el och malm utvinns. Skjutf\u00e4ltet iBoden blir en del av projektet d\u00e5 det historiskt sett uppkommit&hellip; <a class=\"more-link\" href=\"https:\/\/barentsmagazine.com\/resurser\/avlyst\/\">Forts\u00e4tt l\u00e4sa <span class=\"screen-reader-text\">Avlyst<\/span><\/a><\/p>\n","protected":false},"author":1,"featured_media":0,"parent":0,"menu_order":0,"comment_status":"closed","ping_status":"closed","template":"","meta":[],"_links":{"self":[{"href":"https:\/\/barentsmagazine.com\/resurser\/wp-json\/wp\/v2\/pages\/211"}],"collection":[{"href":"https:\/\/barentsmagazine.com\/resurser\/wp-json\/wp\/v2\/pages"}],"about":[{"href":"https:\/\/barentsmagazine.com\/resurser\/wp-json\/wp\/v2\/types\/page"}],"author":[{"embeddable":true,"href":"https:\/\/barentsmagazine.com\/resurser\/wp-json\/wp\/v2\/users\/1"}],"replies":[{"embeddable":true,"href":"https:\/\/barentsmagazine.com\/resurser\/wp-json\/wp\/v2\/comments?post=211"}],"version-history":[{"count":13,"href":"https:\/\/barentsmagazine.com\/resurser\/wp-json\/wp\/v2\/pages\/211\/revisions"}],"predecessor-version":[{"id":337,"href":"https:\/\/barentsmagazine.com\/resurser\/wp-json\/wp\/v2\/pages\/211\/revisions\/337"}],"wp:attachment":[{"href":"https:\/\/barentsmagazine.com\/resurser\/wp-json\/wp\/v2\/media?parent=211"}],"curies":[{"name":"wp","href":"https:\/\/api.w.org\/{rel}","templated":true}]}}