{"id":15,"date":"2021-09-05T13:23:29","date_gmt":"2021-09-05T11:23:29","guid":{"rendered":"https:\/\/barentsmagazine.com\/resurser\/?page_id=15"},"modified":"2022-09-23T14:41:03","modified_gmt":"2022-09-23T12:41:03","slug":"1-resurser","status":"publish","type":"page","link":"https:\/\/barentsmagazine.com\/resurser\/","title":{"rendered":"#1 Resurser"},"content":{"rendered":"\n<h2 class=\"wp-block-heading\"><meta charset=\"utf-8\">#1 Resurser<\/h2>\n\n\n\n<div class=\"wp-block-group is-layout-flow\"><div class=\"wp-block-group__inner-container\">\n<div class=\"wp-block-columns is-layout-flex wp-container-2\">\n<div class=\"wp-block-column is-layout-flow\" style=\"flex-basis:100%\">\n<figure class=\"wp-block-image size-large is-style-twentytwentyone-border\"><img decoding=\"async\" loading=\"lazy\" width=\"1024\" height=\"683\" src=\"https:\/\/barentsmagazine.com\/resurser\/wp-content\/uploads\/sites\/2\/2021\/09\/bp-arkiv-03-1024x683.jpeg\" alt=\"\" class=\"wp-image-235\" srcset=\"https:\/\/barentsmagazine.com\/resurser\/wp-content\/uploads\/sites\/2\/2021\/09\/bp-arkiv-03-1024x683.jpeg 1024w, https:\/\/barentsmagazine.com\/resurser\/wp-content\/uploads\/sites\/2\/2021\/09\/bp-arkiv-03-300x200.jpeg 300w, https:\/\/barentsmagazine.com\/resurser\/wp-content\/uploads\/sites\/2\/2021\/09\/bp-arkiv-03-768x512.jpeg 768w, https:\/\/barentsmagazine.com\/resurser\/wp-content\/uploads\/sites\/2\/2021\/09\/bp-arkiv-03-1536x1024.jpeg 1536w, https:\/\/barentsmagazine.com\/resurser\/wp-content\/uploads\/sites\/2\/2021\/09\/bp-arkiv-03-2048x1365.jpeg 2048w, https:\/\/barentsmagazine.com\/resurser\/wp-content\/uploads\/sites\/2\/2021\/09\/bp-arkiv-03-1568x1045.jpeg 1568w\" sizes=\"(max-width: 1024px) 100vw, 1024px\" \/><figcaption class=\"wp-element-caption\"><em>Foto: Simon Eliasson<\/em><\/figcaption><\/figure>\n<\/div>\n<\/div>\n<\/div><\/div>\n\n\n\n<p class=\"has-text-align-center\"><a href=\"https:\/\/barentsmagazine.com\/resursy\/\"><strong>1# \u0420\u0435\u0441\u0443\u0440\u0441\u044b<\/strong><\/a> \u2013 <a href=\"https:\/\/barentsmagazine.com\/\"><strong>Barentsmagasinet<\/strong><\/a> \u2013 <strong><a href=\"https:\/\/barentsmagazine.com\/granser\">#2 Gr\u00e4nser<\/a><\/strong><\/p>\n\n\n\n<h4 class=\"wp-block-heading\"><strong>Varmt v\u00e4lkommen<\/strong> till den f\u00f6rsta utg\u00e5van av <a href=\"https:\/\/barentsmagazine.com\/\">Barentsmagasinet<\/a>. <\/h4>\n\n\n\n<p>Vi vet att media ofta fokuserar p\u00e5 det snabbaste, st\u00f6rsta och sv\u00e5raste. Vi vill f\u00f6rdjupa, f\u00f6rst\u00e5 och skildra fr\u00e5n m\u00e5nga olika synvinklar. Vi vill skildra det som skett, sker och kanske kommer att ske. Vi g\u00f6r detta som ett samarbete mellan Norge, Sverige, Finland och Ryssland inom ramen f\u00f6r Barents Press. D\u00e4rf\u00f6r kommer du att f\u00e5 m\u00f6ta texter fr\u00e5n b\u00e5de Apatity, Troms\u00f6, Rovaniemi och G\u00e4llivare i framtida nummer.<br><br>I detta f\u00f6rsta nummer utforskar vi <em>resurser<\/em>, anledningen p\u00e5 ett eller annat s\u00e4tt till att de allra flesta bor i regionen. Vad har resurser inneburit f\u00f6r <a href=\"https:\/\/barentsmagazine.com\/resurser\/silvret-i-nasafjall\/\" data-type=\"URL\">v\u00e5rt v\u00e4lst\u00e5nd<\/a>, vad har vi f\u00e5tt tillbaka (<a href=\"https:\/\/barentsmagazine.com\/resurser\/spokstaden\/\" data-type=\"URL\">vad h\u00e4nder n\u00e4r de tar slut?<\/a>) och vilka resurser \u00e4r <a href=\"https:\/\/barentsmagazine.com\/resurser\/elstal\/\" data-type=\"URL\">viktiga f\u00f6r framtiden?<\/a>  <br><br>Varmt v\u00e4lkommen till Barentsmagasinet,<br>Tim Andersson Rask, redaktionssekreterare<\/p>\n\n\n\n<hr class=\"wp-block-separator has-css-opacity is-style-dots\"\/>\n\n\n\n<div class=\"wp-block-columns is-layout-flex wp-container-6\">\n<div class=\"wp-block-column is-layout-flow\" style=\"flex-basis:100%\">\n<div class=\"wp-block-group is-layout-flow\"><div class=\"wp-block-group__inner-container\">\n<p><meta charset=\"utf-8\">I detta nummer: <a href=\"https:\/\/barentsmagazine.com\/resurser\/elden-i-skyn\/\">Elden i skyn<\/a> \u2022 <a href=\"https:\/\/barentsmagazine.com\/resurser\/det-vackra-berget-kaunisvaara\/\">Det vackra berget &#8211; Kaunisvaara!<\/a> \u2022 <a href=\"https:\/\/barentsmagazine.com\/resurser\/luftens-kraft\/\">Luftens kraft<\/a> \u2022 <a href=\"https:\/\/barentsmagazine.com\/resurser\/det-ar-det-och-bara-det-dom-gor-av-det\/\">Det \u00e4r det och bara det dom g\u00f6r av det<\/a> \u2022 <a href=\"https:\/\/barentsmagazine.com\/resurser\/skogens-barnkammare\/\">Skogens barnkammare<\/a> \u2022 <a href=\"https:\/\/barentsmagazine.com\/resurser\/isku\/\">Isku<\/a> \u2022 <a href=\"https:\/\/barentsmagazine.com\/resurser\/silvret-i-nasafjall\/\">Silvret i Nasafj\u00e4ll<\/a> \u2022 <a href=\"https:\/\/barentsmagazine.com\/resurser\/spokstaden\/\">Sp\u00f6kstaden<\/a> \u2022 <a href=\"https:\/\/barentsmagazine.com\/resurser\/isvatten\/\">Isvatten<\/a> \u2022 <a href=\"https:\/\/barentsmagazine.com\/resurser\/muskel-talamod-overlevnads-resurser\/\">Muskel-, t\u00e5lamod-, \u00f6verlevnads-, resurser<\/a> \u2022 <a href=\"https:\/\/barentsmagazine.com\/resurser\/avlyst\/\">Avlyst<\/a> \u2022 <a href=\"https:\/\/barentsmagazine.com\/resurser\/elstal\/\">Elst\u00e5l<\/a><\/p>\n<\/div><\/div>\n<\/div>\n<\/div>\n\n\n\n<p>Vi som arbetat med detta nummer:<br>Tim Andersson Rask, redaktionssekreterare<br>Ole Rode Jensen, grafisk layout<br>Simon Eliasson, bildredakt\u00f6r<br>Bengt Eriksson, \u00f6vers\u00e4ttning ryska-svenska<br>German Ivanov, \u00f6vers\u00e4ttning svenska-ryska<\/p>\n\n\n\n<hr class=\"wp-block-separator has-css-opacity\"\/>\n\n\n\n<p class=\"has-extra-small-font-size\">N\u00e4sta nummer utkommer den f\u00f6rsta december med temat Gr\u00e4nser.<\/p>\n","protected":false},"excerpt":{"rendered":"<p>#1 Resurser 1# \u0420\u0435\u0441\u0443\u0440\u0441\u044b \u2013 Barentsmagasinet \u2013 #2 Gr\u00e4nser Varmt v\u00e4lkommen till den f\u00f6rsta utg\u00e5van av Barentsmagasinet. Vi vet att media ofta fokuserar p\u00e5 det snabbaste, st\u00f6rsta och sv\u00e5raste. Vi vill f\u00f6rdjupa, f\u00f6rst\u00e5 och skildra fr\u00e5n m\u00e5nga olika synvinklar. Vi vill skildra det som skett, sker och kanske kommer att ske. Vi g\u00f6r detta som&hellip; <a class=\"more-link\" href=\"https:\/\/barentsmagazine.com\/resurser\/\">Forts\u00e4tt l\u00e4sa <span class=\"screen-reader-text\">#1 Resurser<\/span><\/a><\/p>\n","protected":false},"author":1,"featured_media":0,"parent":0,"menu_order":0,"comment_status":"closed","ping_status":"closed","template":"","meta":[],"_links":{"self":[{"href":"https:\/\/barentsmagazine.com\/resurser\/wp-json\/wp\/v2\/pages\/15"}],"collection":[{"href":"https:\/\/barentsmagazine.com\/resurser\/wp-json\/wp\/v2\/pages"}],"about":[{"href":"https:\/\/barentsmagazine.com\/resurser\/wp-json\/wp\/v2\/types\/page"}],"author":[{"embeddable":true,"href":"https:\/\/barentsmagazine.com\/resurser\/wp-json\/wp\/v2\/users\/1"}],"replies":[{"embeddable":true,"href":"https:\/\/barentsmagazine.com\/resurser\/wp-json\/wp\/v2\/comments?post=15"}],"version-history":[{"count":22,"href":"https:\/\/barentsmagazine.com\/resurser\/wp-json\/wp\/v2\/pages\/15\/revisions"}],"predecessor-version":[{"id":353,"href":"https:\/\/barentsmagazine.com\/resurser\/wp-json\/wp\/v2\/pages\/15\/revisions\/353"}],"wp:attachment":[{"href":"https:\/\/barentsmagazine.com\/resurser\/wp-json\/wp\/v2\/media?parent=15"}],"curies":[{"name":"wp","href":"https:\/\/api.w.org\/{rel}","templated":true}]}}