{"id":110,"date":"2021-09-20T10:38:07","date_gmt":"2021-09-20T08:38:07","guid":{"rendered":"https:\/\/barentsmagazine.com\/resurser\/?page_id=110"},"modified":"2021-10-01T14:52:02","modified_gmt":"2021-10-01T12:52:02","slug":"isku","status":"publish","type":"page","link":"https:\/\/barentsmagazine.com\/resurser\/isku\/","title":{"rendered":"Isku"},"content":{"rendered":"\n<p class=\"has-text-align-left\"><em>Dikt och bild: Mari Molkoselk\u00e4, journalist bosatt i Rovaniemi<\/em><\/p>\n\n\n\n<hr class=\"wp-block-separator is-style-dots\"\/>\n\n\n\n<p>Olen mett\u00e4tien varrella varttunut<br>                           m\u00e4tt\u00e4\u00e4n alle juurtunut<br>                           nuotion l\u00e4mmitt\u00e4m\u00e4<br>                           jokiveden lujittama<br>                          pohjostuuleen ripustettu<\/p>\n\n\n\n<p>Kauha k\u00e4y<\/p>\n\n\n\n<p>se minua ly\u00f6<\/p>\n\n\n\n<p>Tuttu muuttuu tuntemattomaksi<\/p>\n\n\n\n<p>kiintopiste kadotetuksi<\/p>\n\n\n\n<p>Siell\u00e4 miss\u00e4 ennen oli j\u00e4nk\u00e4n takana mett\u00e4, on nyt sepeli\u00e4, soraa ja sakeaa p\u00f6ly\u00e4<\/p>\n\n\n\n<p>Hiljaa virtaus samenee<br>                           menneisyys sumenee<br>                           lumi sulaa<br>                           maasto palaa <br>                           irtoan<\/p>\n\n\n\n<p>Tunnen poskellani pohjostuulen<\/p>\n\n\n\n<p>enk\u00e4 menet\u00e4 tasapainoani<\/p>\n\n\n\n<p>palaan takaisin<\/p>\n\n\n\n<p>poltan p\u00e4reeni<\/p>\n\n\n\n<p>puolustan hengell\u00e4ni<\/p>\n\n\n\n<div class=\"wp-block-image is-style-twentytwentyone-border\"><figure class=\"aligncenter size-large is-resized\"><img decoding=\"async\" loading=\"lazy\" src=\"https:\/\/barentsmagazine.com\/resurser\/wp-content\/uploads\/sites\/2\/2021\/09\/isku-1_MariMolkoselka-682x1024.jpg\" alt=\"\" class=\"wp-image-111\" width=\"359\" height=\"539\" srcset=\"https:\/\/barentsmagazine.com\/resurser\/wp-content\/uploads\/sites\/2\/2021\/09\/isku-1_MariMolkoselka-682x1024.jpg 682w, https:\/\/barentsmagazine.com\/resurser\/wp-content\/uploads\/sites\/2\/2021\/09\/isku-1_MariMolkoselka-200x300.jpg 200w, https:\/\/barentsmagazine.com\/resurser\/wp-content\/uploads\/sites\/2\/2021\/09\/isku-1_MariMolkoselka-768x1152.jpg 768w, https:\/\/barentsmagazine.com\/resurser\/wp-content\/uploads\/sites\/2\/2021\/09\/isku-1_MariMolkoselka-1024x1536.jpg 1024w, https:\/\/barentsmagazine.com\/resurser\/wp-content\/uploads\/sites\/2\/2021\/09\/isku-1_MariMolkoselka.jpg 1333w\" sizes=\"(max-width: 359px) 100vw, 359px\" \/><\/figure><\/div>\n\n\n\n<hr class=\"wp-block-separator is-style-dots\"\/>\n\n\n\n<p><strong>A Hit<\/strong><\/p>\n\n\n\n<p>I\u2019m\u00a0\u00a0grown by the forest road<br>                             rooted under the hummock<br>                             warmed by the campfire<br>                             strengthened by the river water<br>                             hung to the northwind<\/p>\n\n\n\n<p>Shovel digs<\/p>\n\n\n\n<p>it hits me<\/p>\n\n\n\n<p>Familiar becomes unfamiliar<\/p>\n\n\n\n<p>point of reference is lost<\/p>\n\n\n\n<p>Where it used to be a forest, behind a bug is now crushed stones, gravel and thick dust<\/p>\n\n\n\n<p>Slowly\u00a0current dims<br>                             past becomes blurred<br>                             snow melts<br>                             land burns<br>                             I become detached<\/p>\n\n\n\n<p>On my cheek I feel the northwind<\/p>\n\n\n\n<p>and I don\u2019t lose my balance<\/p>\n\n\n\n<p>I come back<\/p>\n\n\n\n<p>I burn my shingles<\/p>\n\n\n\n<p>I defend with my life<\/p>\n\n\n\n<hr class=\"wp-block-separator is-style-dots\"\/>\n\n\n\n<p><em>Om f\u00f6rfattaren:<br>Mari Molkoselk\u00e4, f\u00f6dd och uppvuxen i Kittil\u00e4. Arbetar som journalist p\u00e5 Lapin-Kansa i Rovaniemi.<\/em><\/p>\n","protected":false},"excerpt":{"rendered":"<p>Dikt och bild: Mari Molkoselk\u00e4, journalist bosatt i Rovaniemi Olen mett\u00e4tien varrella varttunut m\u00e4tt\u00e4\u00e4n alle juurtunut nuotion l\u00e4mmitt\u00e4m\u00e4 jokiveden lujittama pohjostuuleen ripustettu Kauha k\u00e4y se minua ly\u00f6 Tuttu muuttuu tuntemattomaksi kiintopiste kadotetuksi Siell\u00e4 miss\u00e4 ennen oli j\u00e4nk\u00e4n takana mett\u00e4, on nyt sepeli\u00e4, soraa ja sakeaa p\u00f6ly\u00e4 Hiljaa virtaus samenee menneisyys sumenee lumi sulaa maasto palaa&hellip; <a class=\"more-link\" href=\"https:\/\/barentsmagazine.com\/resurser\/isku\/\">Forts\u00e4tt l\u00e4sa <span class=\"screen-reader-text\">Isku<\/span><\/a><\/p>\n","protected":false},"author":1,"featured_media":0,"parent":0,"menu_order":0,"comment_status":"closed","ping_status":"closed","template":"","meta":[],"_links":{"self":[{"href":"https:\/\/barentsmagazine.com\/resurser\/wp-json\/wp\/v2\/pages\/110"}],"collection":[{"href":"https:\/\/barentsmagazine.com\/resurser\/wp-json\/wp\/v2\/pages"}],"about":[{"href":"https:\/\/barentsmagazine.com\/resurser\/wp-json\/wp\/v2\/types\/page"}],"author":[{"embeddable":true,"href":"https:\/\/barentsmagazine.com\/resurser\/wp-json\/wp\/v2\/users\/1"}],"replies":[{"embeddable":true,"href":"https:\/\/barentsmagazine.com\/resurser\/wp-json\/wp\/v2\/comments?post=110"}],"version-history":[{"count":8,"href":"https:\/\/barentsmagazine.com\/resurser\/wp-json\/wp\/v2\/pages\/110\/revisions"}],"predecessor-version":[{"id":341,"href":"https:\/\/barentsmagazine.com\/resurser\/wp-json\/wp\/v2\/pages\/110\/revisions\/341"}],"wp:attachment":[{"href":"https:\/\/barentsmagazine.com\/resurser\/wp-json\/wp\/v2\/media?parent=110"}],"curies":[{"name":"wp","href":"https:\/\/api.w.org\/{rel}","templated":true}]}}